{"id":15,"date":"2023-02-05T02:34:23","date_gmt":"2023-02-05T02:34:23","guid":{"rendered":"https:\/\/clarionc.com\/?page_id=15"},"modified":"2026-03-08T03:08:40","modified_gmt":"2026-03-08T03:08:40","slug":"servicios-de-sanacion","status":"publish","type":"page","link":"https:\/\/clarionc.com\/index.php\/servicios-de-sanacion\/","title":{"rendered":"Formaci\u00f3n Metaf\u00edsica"},"content":{"rendered":"\n<div class=\"inherit-container-width wp-block-group alignfull has-ast-global-color-3-background-color has-background is-layout-constrained wp-block-group-is-layout-constrained\">\n<div class=\"wp-block-media-text has-media-on-the-right is-stacked-on-mobile is-vertically-aligned-center\" style=\"grid-template-columns:auto 45%\"><div class=\"wp-block-media-text__content\">\n<h2 class=\"wp-block-heading has-text-color\" style=\"color:#ffffff\">Formaci\u00f3n Metaf\u00edsica<\/h2>\n\n\n\n<p class=\"has-text-color\" style=\"color:#e6e6e6\">Por m\u00e1s de 30 a\u00f1os en la Formaci\u00f3n Metaf\u00edsica Pr\u00e1ctica, hemos dise\u00f1ado y desarrollado los Programas de Instrucci\u00f3n Cu\u00e1ntica Pr\u00e1ctica, en sus niveles B\u00e1sico y Avanzado.<\/p>\n\n\n\n<p class=\"has-text-color\" style=\"color:#e6e6e6\">Nuestra formaci\u00f3n como Estudiante y Practicante de las Ense\u00f1anzas Metaf\u00edsicas, de la l\u00ednea de Conny M\u00e9ndez, nos ha permitido ofrecer contenidos para principiantes y estudiantes avanzados.<\/p>\n\n\n\n<p class=\"has-text-color\" style=\"color:#e6e6e6\">\u2022 Programa B\u00e1sico: conformado por 11 lecciones y 4 talleres<\/p>\n\n\n\n<p class=\"has-text-color\" style=\"color:#e6e6e6\">\u2022 Programa Avanzado: estudio de diferentes textos relacionados con la Metaf\u00edsica<\/p>\n\n\n\n<p class=\"has-text-color\" style=\"color:#e6e6e6\">\u2022 Talleres especiales durante el a\u00f1o que permiten profundizar en las ense\u00f1anzas de los Maestros Ascendidos.<\/p>\n<\/div><figure class=\"wp-block-media-text__media\"><img loading=\"lazy\" decoding=\"async\" width=\"1024\" height=\"1024\" src=\"https:\/\/clarionc.com\/wp-content\/uploads\/2023\/08\/02b78ca1-b181-401f-8d96-b858bb041cdc.jpg\" alt=\"\" class=\"wp-image-110 size-full\" srcset=\"https:\/\/clarionc.com\/wp-content\/uploads\/2023\/08\/02b78ca1-b181-401f-8d96-b858bb041cdc.jpg 1024w, https:\/\/clarionc.com\/wp-content\/uploads\/2023\/08\/02b78ca1-b181-401f-8d96-b858bb041cdc-300x300.jpg 300w, https:\/\/clarionc.com\/wp-content\/uploads\/2023\/08\/02b78ca1-b181-401f-8d96-b858bb041cdc-150x150.jpg 150w, https:\/\/clarionc.com\/wp-content\/uploads\/2023\/08\/02b78ca1-b181-401f-8d96-b858bb041cdc-768x768.jpg 768w, https:\/\/clarionc.com\/wp-content\/uploads\/2023\/08\/02b78ca1-b181-401f-8d96-b858bb041cdc-116x116.jpg 116w\" sizes=\"auto, (max-width: 1024px) 100vw, 1024px\" \/><\/figure><\/div>\n<\/div>\n\n\n\n<div class=\"wp-block-uagb-container uagb-block-b2879271 alignfull uagb-is-root-container\"><div class=\"uagb-container-inner-blocks-wrap\">\n<div class=\"wp-block-uagb-container uagb-block-9befc579 alignfull uagb-is-root-container\"><div class=\"uagb-container-inner-blocks-wrap\">\n<div class=\"wp-block-uagb-container uagb-block-9d35a51c alignfull uagb-is-root-container\"><div class=\"uagb-container-inner-blocks-wrap\">\n<div class=\"wp-block-uagb-advanced-heading uagb-block-a849fec8\"><h2 class=\"uagb-heading-text\">Programa B\u00e1sico<\/h2><\/div>\n<\/div><\/div>\n\n\n\n<div class=\"wp-block-uagb-container uagb-block-857a15c7 alignfull uagb-is-root-container\"><div class=\"uagb-container-inner-blocks-wrap\">\n<p>Al finalizar el programa, los estudiantes estar\u00e1n en capacidad de conocer sobre la Instrucci\u00f3n Cu\u00e1ntica Pr\u00e1ctica. Estudiar sobre la Mente y el Principio.  Conocer qui\u00e9n Soy y de d\u00f3nde vengo.  Identificar cu\u00e1ndo pienso o divago. Pensar.  Vivir como due\u00f1o y se\u00f1or de tu propio mundo.  Conocer el poder del Verbo.  Corregir nuestro sendero.  Estar Presente.  Conocer las estaciones en el sendero espiritual.  Conocer la Auto Consciencia y el Libre Albedr\u00edo.  Perdonar.  Aplicar Llama Violeta.  Prosperar. Conocer de la Elohim Astrea.  Confirmar que no existe la muerte y que la Vida es Eterna.<\/p>\n<\/div><\/div>\n<\/div><\/div>\n<\/div><\/div>\n\n\n\n<div class=\"wp-block-uagb-container uagb-block-32489cdb alignfull uagb-is-root-container\"><div class=\"uagb-container-inner-blocks-wrap\">\n<div class=\"wp-block-uagb-container uagb-block-3891d772\">\n<div class=\"wp-block-uagb-container uagb-block-5c96bdda\">\n<div class=\"wp-block-uagb-advanced-heading uagb-block-51ba4871\"><h2 class=\"uagb-heading-text\">Programa Avanzado<\/h2><\/div>\n<\/div>\n\n\n\n<div class=\"wp-block-uagb-container uagb-block-b10342e0\">\n<p>En este programa se tiene como objetivo profundizar en las ense\u00f1anzas de los Maestros Ascendidos, estudiando los diferentes textos referidos a \u00e9stos, tales como: El Libro de Oro de Saint Germain.  Misterios Develados.  La M\u00e1gica Presencia.  La Voz del YO SOY.  El Nuevo Pensamiento.  El Kybali\u00f3n.  12 Lecciones de Prosperidad, y muchos otros m\u00e1s.<\/p>\n<\/div>\n<\/div>\n<\/div><\/div>\n\n\n<form  class=\"kaliforms-form-container bootstrap-wrapper input-with-bg no-borders no-shadows \" data-form-id=\"6\" style=\"opacity:0\"><h3>Contact form<\/h3><div id=\"kaliforms-global-error-message-6\" class=\"global-error-message\"><\/div><div class=\"row kali-form-field-row\"><div class=\"col-12 col-md-6 \"><label  for=\"first-name\">Nombre (incluya todos) <span class=\"kali-required-mark\">*<\/span><\/label><input  data-internal-id=\"textbox2\" type=\"text\" id=\"first-name\" name=\"first-name\" data-properties.type=\"text\" required ><\/div><div class=\"col-12 col-md-6 \"><label  for=\"last-name\">Apellido (incluya todos) <span class=\"kali-required-mark\">*<\/span><\/label><input  data-internal-id=\"textbox3\" type=\"text\" id=\"last-name\" name=\"last-name\" data-properties.type=\"text\" required ><\/div><\/div><div class=\"row kali-form-field-row\"><div class=\"col-12 col-md-6 \"><label  for=\"date8\">Fecha de nacimiento<\/label><input data-internal-id=\"date8\" type=\"date\" id=\"date8\" name=\"date\" class=\"input\"><\/div><div class=\"col-12 col-md-6 \"><label  for=\"telephone7\">N\u00famero telef\u00f3nico<\/label><input  data-internal-id=\"telephone7\" type=\"tel\" id=\"telephone7\" name=\"telephone\" data-format=\"free\"  class=\"input\"><\/div><\/div><div class=\"row kali-form-field-row\"><div class=\"col-12 col-md-12 \"><label  for=\"email\">Direcci\u00f3n de correo electr\u00f3nico <span class=\"kali-required-mark\">*<\/span><\/label><input  data-internal-id=\"textbox4\" type=\"text\" id=\"email\" name=\"email\" data-properties.type=\"text\" required ><\/div><\/div><div class=\"row kali-form-field-row\"><div class=\"col-12 col-md-12 \"><label  for=\"message\">Mensaje <span class=\"kali-required-mark\">*<\/span><\/label><textarea  data-internal-id=\"textarea5\" type=\"textarea\" id=\"message\" name=\"message\"required  rows=\"5\" class=\"input\"><\/textarea><\/div><\/div><div class=\"row kali-form-field-row\"><div class=\"col-12 col-md-12 \"><input  data-internal-id=\"submitbutton6\" type=\"submit\" id=\"submit\" data-style=\"btn light-green rounded\"  class=\"input btn light-green rounded\" value=\"Enviar mensaje\" ><\/div><\/div><!-- This form was built using Kali Forms --><\/form>\n","protected":false},"excerpt":{"rendered":"<p>Formaci\u00f3n Metaf\u00edsica Por m\u00e1s de 30 a\u00f1os en la Formaci\u00f3n Metaf\u00edsica Pr\u00e1ctica, hemos dise\u00f1ado y desarrollado los Programas de Instrucci\u00f3n Cu\u00e1ntica Pr\u00e1ctica, en sus niveles B\u00e1sico y Avanzado. Nuestra formaci\u00f3n como Estudiante y Practicante de las Ense\u00f1anzas Metaf\u00edsicas, de la l\u00ednea de Conny M\u00e9ndez, nos ha permitido ofrecer contenidos para principiantes y estudiantes avanzados. \u2022 [&hellip;]<\/p>\n","protected":false},"author":1,"featured_media":0,"parent":0,"menu_order":0,"comment_status":"closed","ping_status":"closed","template":"","meta":{"_uag_custom_page_level_css":"","site-sidebar-layout":"default","site-content-layout":"","ast-site-content-layout":"default","site-content-style":"default","site-sidebar-style":"default","ast-global-header-display":"","ast-banner-title-visibility":"","ast-main-header-display":"","ast-hfb-above-header-display":"","ast-hfb-below-header-display":"","ast-hfb-mobile-header-display":"","site-post-title":"disabled","ast-breadcrumbs-content":"","ast-featured-img":"","footer-sml-layout":"","ast-disable-related-posts":"","theme-transparent-header-meta":"","adv-header-id-meta":"","stick-header-meta":"","header-above-stick-meta":"","header-main-stick-meta":"","header-below-stick-meta":"","astra-migrate-meta-layouts":"set","ast-page-background-enabled":"default","ast-page-background-meta":{"desktop":{"background-color":"var(--ast-global-color-4)","background-image":"","background-repeat":"repeat","background-position":"center center","background-size":"auto","background-attachment":"scroll","background-type":"","background-media":"","overlay-type":"","overlay-color":"","overlay-opacity":"","overlay-gradient":""},"tablet":{"background-color":"","background-image":"","background-repeat":"repeat","background-position":"center center","background-size":"auto","background-attachment":"scroll","background-type":"","background-media":"","overlay-type":"","overlay-color":"","overlay-opacity":"","overlay-gradient":""},"mobile":{"background-color":"","background-image":"","background-repeat":"repeat","background-position":"center center","background-size":"auto","background-attachment":"scroll","background-type":"","background-media":"","overlay-type":"","overlay-color":"","overlay-opacity":"","overlay-gradient":""}},"ast-content-background-meta":{"desktop":{"background-color":"var(--ast-global-color-5)","background-image":"","background-repeat":"repeat","background-position":"center center","background-size":"auto","background-attachment":"scroll","background-type":"","background-media":"","overlay-type":"","overlay-color":"","overlay-opacity":"","overlay-gradient":""},"tablet":{"background-color":"var(--ast-global-color-5)","background-image":"","background-repeat":"repeat","background-position":"center center","background-size":"auto","background-attachment":"scroll","background-type":"","background-media":"","overlay-type":"","overlay-color":"","overlay-opacity":"","overlay-gradient":""},"mobile":{"background-color":"var(--ast-global-color-5)","background-image":"","background-repeat":"repeat","background-position":"center center","background-size":"auto","background-attachment":"scroll","background-type":"","background-media":"","overlay-type":"","overlay-color":"","overlay-opacity":"","overlay-gradient":""}},"footnotes":""},"class_list":["post-15","page","type-page","status-publish","hentry"],"uagb_featured_image_src":{"full":false,"thumbnail":false,"medium":false,"medium_large":false,"large":false,"1536x1536":false,"2048x2048":false,"form-edit-image-preview":false},"uagb_author_info":{"display_name":"admin","author_link":"https:\/\/clarionc.com\/index.php\/author\/clarionc\/"},"uagb_comment_info":0,"uagb_excerpt":"Formaci\u00f3n Metaf\u00edsica Por m\u00e1s de 30 a\u00f1os en la Formaci\u00f3n Metaf\u00edsica Pr\u00e1ctica, hemos dise\u00f1ado y desarrollado los Programas de Instrucci\u00f3n Cu\u00e1ntica Pr\u00e1ctica, en sus niveles B\u00e1sico y Avanzado. Nuestra formaci\u00f3n como Estudiante y Practicante de las Ense\u00f1anzas Metaf\u00edsicas, de la l\u00ednea de Conny M\u00e9ndez, nos ha permitido ofrecer contenidos para principiantes y estudiantes avanzados. \u2022&hellip;","_links":{"self":[{"href":"https:\/\/clarionc.com\/index.php\/wp-json\/wp\/v2\/pages\/15","targetHints":{"allow":["GET"]}}],"collection":[{"href":"https:\/\/clarionc.com\/index.php\/wp-json\/wp\/v2\/pages"}],"about":[{"href":"https:\/\/clarionc.com\/index.php\/wp-json\/wp\/v2\/types\/page"}],"author":[{"embeddable":true,"href":"https:\/\/clarionc.com\/index.php\/wp-json\/wp\/v2\/users\/1"}],"replies":[{"embeddable":true,"href":"https:\/\/clarionc.com\/index.php\/wp-json\/wp\/v2\/comments?post=15"}],"version-history":[{"count":11,"href":"https:\/\/clarionc.com\/index.php\/wp-json\/wp\/v2\/pages\/15\/revisions"}],"predecessor-version":[{"id":129,"href":"https:\/\/clarionc.com\/index.php\/wp-json\/wp\/v2\/pages\/15\/revisions\/129"}],"wp:attachment":[{"href":"https:\/\/clarionc.com\/index.php\/wp-json\/wp\/v2\/media?parent=15"}],"curies":[{"name":"wp","href":"https:\/\/api.w.org\/{rel}","templated":true}]}}